{"id":13448,"date":"2019-01-23T13:47:51","date_gmt":"2019-01-23T11:47:51","guid":{"rendered":"http:\/\/akropoditi.com\/dancefest\/?page_id=13448"},"modified":"2026-04-01T09:37:57","modified_gmt":"2026-04-01T06:37:57","slug":"workshop-application-en","status":"publish","type":"page","link":"https:\/\/akropoditi.com\/dancefest\/en\/workshop-application-en\/","title":{"rendered":"Workshop application"},"content":{"rendered":"<div class=\"wpb-content-wrapper\"><p>[vc_row][vc_column]\n<div class=\"wpcf7 no-js\" id=\"wpcf7-f20514-o1\" lang=\"en-US\" dir=\"ltr\" data-wpcf7-id=\"20514\">\n<div class=\"screen-reader-response\"><p role=\"status\" aria-live=\"polite\" aria-atomic=\"true\"><\/p> <ul><\/ul><\/div>\n<form action=\"\/dancefest\/wp-json\/wp\/v2\/pages\/13448#wpcf7-f20514-o1\" method=\"post\" class=\"wpcf7-form init f1667910dc63 cmatic-conn cmatic-aud-0 cmatic-mapd0-0 cmatic-v097802 cmatic-sent-0 cmatic-total-129\" aria-label=\"Contact form\" novalidate=\"novalidate\" data-status=\"init\">\n<fieldset class=\"hidden-fields-container\"><input type=\"hidden\" name=\"_wpcf7\" value=\"20514\" \/><input type=\"hidden\" name=\"_wpcf7_version\" value=\"6.1.5\" \/><input type=\"hidden\" name=\"_wpcf7_locale\" value=\"en_US\" \/><input type=\"hidden\" name=\"_wpcf7_unit_tag\" value=\"wpcf7-f20514-o1\" \/><input type=\"hidden\" name=\"_wpcf7_container_post\" value=\"0\" \/><input type=\"hidden\" name=\"_wpcf7_posted_data_hash\" value=\"\" \/><input type=\"hidden\" name=\"_wpcf7cf_hidden_group_fields\" value=\"[]\" \/><input type=\"hidden\" name=\"_wpcf7cf_hidden_groups\" value=\"[]\" \/><input type=\"hidden\" name=\"_wpcf7cf_visible_groups\" value=\"[]\" \/><input type=\"hidden\" name=\"_wpcf7cf_repeaters\" value=\"[]\" \/><input type=\"hidden\" name=\"_wpcf7cf_steps\" value=\"{}\" \/><input type=\"hidden\" name=\"_wpcf7cf_options\" value=\"{&quot;form_id&quot;:20514,&quot;conditions&quot;:[],&quot;settings&quot;:{&quot;animation&quot;:&quot;yes&quot;,&quot;animation_intime&quot;:200,&quot;animation_outtime&quot;:200,&quot;conditions_ui&quot;:&quot;normal&quot;,&quot;notice_dismissed&quot;:false,&quot;notice_dismissed_rollback-cf7-5.4.2&quot;:true,&quot;notice_dismissed_rollback-cf7-5.5.6&quot;:true,&quot;notice_dismissed_update-cf7-5.6&quot;:true,&quot;notice_dismissed_rollback-cf7-5.8.3&quot;:true,&quot;notice_dismissed_rollback-cf7-5.8.6&quot;:true,&quot;notice_dismissed_rollback-cf7-5.9.2&quot;:true}}\" \/>\n<\/fieldset>\n<fieldset>\n\t<legend style=\"width: 100%;\"><br \/>\n\t\t<div class=\"grve-element grve-text grve-subtitle vc_custom_1541856223898 grve-animated-item grve-fadeInLeft grve-animated\"\n            data-delay=\"200\" id=\"form-title-2\">\n\t\t\t<h5><br \/>\n<strong style=\"color: #fff;\">PERSONAL DETAILS<\/strong>\n\t\t\t<\/h5>\n\t\t<\/div>\n\t<\/legend>\n\t<div class=\"vc_empty_space\" style=\"height:50px\">\n\t\t<p><span class=\"vc_empty_space_inner\"><\/span>\n\t\t<\/p>\n\t<\/div>\n\t<div class=\"grve-form-style-1\">\n\t\t<div class=\"grve-one-half\">\n\t\t\t<p><i class=\"fa fa-user\"><\/i> Surname: * <span class=\"wpcf7-form-control-wrap\" data-name=\"surname\"><input size=\"40\" maxlength=\"400\" class=\"wpcf7-form-control wpcf7-text wpcf7-validates-as-required\" aria-required=\"true\" aria-invalid=\"false\" value=\"\" type=\"text\" name=\"surname\" \/><\/span>\n\t\t\t<\/p>\n\t\t<\/div>\n\t\t<div class=\"grve-one-half grve-last-column\">\n\t\t\t<p><i class=\"fa fa-users\"><\/i> Name: * <span class=\"wpcf7-form-control-wrap\" data-name=\"your-name\"><input size=\"40\" maxlength=\"400\" class=\"wpcf7-form-control wpcf7-text wpcf7-validates-as-required\" aria-required=\"true\" aria-invalid=\"false\" value=\"\" type=\"text\" name=\"your-name\" \/><\/span>\n\t\t\t<\/p>\n\t\t<\/div>\n\t\t<div class=\"grve-one-half\">\n\t\t\t<p><i class=\"fa fa-user-secret\"><\/i> Age: * <span class=\"wpcf7-form-control-wrap\" data-name=\"age\"><input class=\"wpcf7-form-control wpcf7-number wpcf7-validates-as-required wpcf7-validates-as-number\" aria-required=\"true\" aria-invalid=\"false\" value=\"\" type=\"number\" name=\"age\" \/><\/span>\n\t\t\t<\/p>\n\t\t<\/div>\n\t\t<div class=\"grve-one-half grve-last-column\">\n\t\t\t<p><i class=\"fa fa-question-circle\"><\/i> Profession: * <span class=\"wpcf7-form-control-wrap\" data-name=\"profession\"><input size=\"40\" maxlength=\"400\" class=\"wpcf7-form-control wpcf7-text wpcf7-validates-as-required\" aria-required=\"true\" aria-invalid=\"false\" value=\"\" type=\"text\" name=\"profession\" \/><\/span>\n\t\t\t<\/p>\n\t\t<\/div>\n\t\t<div class=\"grve-one-half \">\n\t\t\t<p><i class=\"fa fa-phone\"><\/i> Phone * <span class=\"wpcf7-form-control-wrap\" data-name=\"contact-phone\"><input size=\"40\" maxlength=\"400\" class=\"wpcf7-form-control wpcf7-tel wpcf7-validates-as-required wpcf7-text wpcf7-validates-as-tel\" aria-required=\"true\" aria-invalid=\"false\" value=\"\" type=\"tel\" name=\"contact-phone\" \/><\/span>\n\t\t\t<\/p>\n\t\t<\/div>\n\t\t<div class=\"grve-one-half grve-last-column\">\n\t\t\t<p><i class=\"fa fa-envelope\"><\/i> Email: * <span class=\"wpcf7-form-control-wrap\" data-name=\"your-email\"><input size=\"40\" maxlength=\"400\" class=\"wpcf7-form-control wpcf7-email wpcf7-validates-as-required wpcf7-text wpcf7-validates-as-email\" aria-required=\"true\" aria-invalid=\"false\" value=\"\" type=\"email\" name=\"your-email\" \/><\/span>\n\t\t\t<\/p>\n\t\t<\/div>\n\t\t<div class=\"grve-one grve-last-column\">\n\t\t\t<p><i class=\"fa fa-building\"><\/i> Address: * <span class=\"wpcf7-form-control-wrap\" data-name=\"address\"><input size=\"40\" maxlength=\"400\" class=\"wpcf7-form-control wpcf7-text wpcf7-validates-as-required\" aria-required=\"true\" aria-invalid=\"false\" value=\"\" type=\"text\" name=\"address\" \/><\/span>\n\t\t\t<\/p>\n\t\t<\/div>\n\t\t<div class=\"grve-one grve-last-column\">\n\t\t\t<p><i class=\"fa fa-info\"><\/i> Short Curriculum Vitae (150 words): *<br \/>\n<span class=\"wpcf7-form-control-wrap\" data-name=\"bio\"><textarea cols=\"40\" rows=\"10\" maxlength=\"2000\" class=\"wpcf7-form-control wpcf7-textarea wpcf7-validates-as-required\" aria-required=\"true\" aria-invalid=\"false\" name=\"bio\"><\/textarea><\/span>\n\t\t\t<\/p>\n\t\t<\/div>\n\t<\/div>\n<\/fieldset>\n\n<!-- --------------------------------------------------------->\n<div class=\"vc_empty_space\" style=\"height:20px\">\n\t<p><span class=\"vc_empty_space_inner\"><\/span>\n\t<\/p>\n<\/div>\n\n<!-- Workshops list -->\n<div class=\"grve-element grve-text grve-subtitle vc_custom_1541856223898 grve-animated-item grve-fadeInLeft grve-animated\"\n    data-delay=\"200\" id=\"form-title-2\">\n\t<h5><br \/>\n<strong style=\"color:#fff\">WORKSHOP OPTIONS<\/strong>\n\t<\/h5>\n<\/div>\n<div class=\"vc_empty_space\" style=\"height:20px\">\n\t<p><span class=\"vc_empty_space_inner\"><\/span>\n\t<\/p>\n<\/div>\n<div class=\"grve-one-85 grve-last-column\">\n\t<fieldset>\n\t\t<legend><br \/>\n<strong>WORKSHOPS:<\/strong>\n\t\t<\/legend>\n\t\t<div>\n\t\t\t<div>\n\t\t\t\t<p><label for=\"bonetti\"><br \/>\n<input type=\"checkbox\" id=\"bonetti\" data-noofdays=\"4\" data-noofhours=\"2\" name=\"checkbox-workshop[]\" value=\"Davide Bonetti - Acrodance Workshop (09-12\/7, 10:00-12:00)\" onclick=\"calc()\" \/> <span class=\"wpcf7-list-item-label\">Davide Bonetti - Acrodance Workshop (09-12\/7, 10:00-12:00)<\/span><br \/>\n<\/label>\n\t\t\t\t<\/p>\n\t\t\t<\/div>\n\t\t\t<div>\n\t\t\t\t<p><label for=\"fousekis\"><br \/>\n<input type=\"checkbox\" id=\"fousekis\" data-noofdays=\"2\" data-noofhours=\"2\" name=\"checkbox-workshop[]\" value=\"Alexis Fousekis - Contemporary dance and improvisation workshop (11-12\/7, 17:30-19:30)\" onclick=\"calc()\" \/> <span class=\"wpcf7-list-item-label\">Alexis Fousekis - Contemporary dance and improvisation workshop (11-12\/7, 17:30-19:30)<\/span><br \/>\n<\/label>\n\t\t\t\t<\/p>\n\t\t\t<\/div>\n\t\t\t<div>\n\t\t\t\t<p><label for=\"sevasti\"><br \/>\n<input type=\"checkbox\" id=\"sevasti\" data-noofdays=\"2\" data-noofhours=\"2\" name=\"checkbox-workshop[]\" value=\"Sevasti Zafeira - On Fragility (13-14\/7, 10:00-12:00)\" onclick=\"calc()\" \/> <span class=\"wpcf7-list-item-label\">Sevasti Zafeira - On Fragility (13-14\/7, 10:00-12:00)<\/span><br \/>\n<\/label>\n\t\t\t\t<\/p>\n\t\t\t<\/div>\n\t\t\t<div>\n\t\t\t\t<p><label for=\"tsiligaridou\"><br \/>\n<input type=\"checkbox\" id=\"tsiligaridou\" data-noofdays=\"3\" data-noofhours=\"3\" name=\"checkbox-workshop[]\" value=\"Revekka Tsiligaridou - Viewpoints \u2013 The moment before (13-15\/7, 17:00-20:00)\" onclick=\"calc()\" \/> <span class=\"wpcf7-list-item-label\">Revekka Tsiligaridou - Viewpoints \u2013 The moment before (13-15\/7, 17:00-20:00)<\/span><br \/>\n<\/label>\n\t\t\t\t<\/p>\n\t\t\t<\/div>\n\t\t\t<div>\n\t\t\t\t<p><label for=\"androulakis\"><br \/>\n<input type=\"checkbox\" id=\"androulakis\" data-noofdays=\"5\" data-noofhours=\"3\" name=\"checkbox-workshop[]\" value=\"Antoni Androulakis - \u0650Fluxness, Contemporary dance workshop (15-19\/7, 11:00-14:00)\" onclick=\"calc()\" \/> <span class=\"wpcf7-list-item-label\">Antoni Androulakis - \u0650Fluxness, Contemporary dance workshop (15-19\/7, 11:00-14:00)<\/span><br \/>\n<\/label>\n\t\t\t\t<\/p>\n\t\t\t<\/div>\n\t\t\t<div>\n\t\t\t\t<p><label for=\"koliopoulou\"><br \/>\n<input type=\"checkbox\" id=\"koliopoulou\" data-noofdays=\"3\" data-noofhours=\"0\" name=\"checkbox-workshop[]\" value=\"Maria Koliopoulou, Vivi Christodoulopoulou & Demy Papathanasiou - Solace in Movement: A Choreographic Workshop (15-17\/7, 18:00-20:00)\u2002FREE\" onclick=\"calc()\" \/> <span class=\"wpcf7-list-item-label\">Maria Koliopoulou, Vivi Christodoulopoulou & Demy Papathanasiou - Solace in Movement: A Choreographic Workshop (15-17\/7, 18:00-20:00)\u2002FREE<\/span><br \/>\n<\/label>\n\t\t\t\t<\/p>\n\t\t\t<\/div>\n\t\t\t<div>\n\t\t\t\t<p><label for=\"nikolidis\"><br \/>\n<input type=\"checkbox\" id=\"nikolidis\" data-noofdays=\"2\" data-noofhours=\"3\" name=\"checkbox-workshop[]\" value=\"Petros Nikolidis & Stefanos Giakoumakis - Levitate, Improvisation workshop (18-19\/7, 17:00-20:00)\" onclick=\"calc()\" \/> <span class=\"wpcf7-list-item-label\">Petros Nikolidis & Stefanos Giakoumakis - Levitate, Improvisation workshop (18-19\/7, 17:00-20:00)<\/span><br \/>\n<\/label>\n\t\t\t\t<\/p>\n\t\t\t<\/div>\n\t\t\t<div>\n\t\t\t\t<p><label for=\"anthos\"><br \/>\n<input type=\"checkbox\" id=\"anthos\" data-noofdays=\"1\" data-noofhours=\"3\" name=\"checkbox-masterclass[]\" value=\"Tom White \/ Surface Area Dance Theatre - Feeling Sound, Recording \/ Sound Art \/ Haptics \/ Music for Dance workshop (18\/7, 10:00-13:00)\" onclick=\"calc()\" \/> <span class=\"wpcf7-list-item-label\">Tom White \/ Surface Area Dance Theatre - Feeling Sound, Recording \/ Sound Art \/ Haptics \/ Music for Dance workshop (18\/7, 10:00-13:00)<\/span><br \/>\n<\/label>\n\t\t\t\t<\/p>\n\t\t\t<\/div>\n\t\t<\/div>\n\t<\/fieldset>\n\t<fieldset>\n\t\t<legend><br \/>\n<strong>MASTERCLASSES:<\/strong>\n\t\t<\/legend>\n\t\t<div>\n\t\t\t<div>\n\t\t\t\t<p><label for=\"liminal\"><br \/>\n<input type=\"checkbox\" id=\"liminal\" data-noofdays=\"1\" data-noofhours=\"0\" name=\"checkbox-masterclass[]\" value=\"Liminal (Medie Megas & Demy Papathanasiou) - Dance: Between Access and Ecology (10\/7, 12:30-14:30)\u2002FREE\" onclick=\"calc()\" \/> <span class=\"wpcf7-list-item-label\">Liminal (Medie Megas & Demy Papathanasiou) - Dance: Between Access and Ecology (10\/7, 12:30-14:30)\u2002FREE<\/span><br \/>\n<\/label>\n\t\t\t\t<\/p>\n\t\t\t<\/div>\n\t\t\t<div>\n\t\t\t\t<p><label for=\"blaloon\"><br \/>\n<input type=\"checkbox\" id=\"blaloon\" data-noofdays=\"1\" data-noofhours=\"0\" name=\"checkbox-masterclass[]\" value=\"Blip | inclusive multisensory project - b(l)alloon, Multisensory movement and sound workshop for people with visual or hearing disabilities and non-disabled people (11\/7, 10:00-14:00)\u2002FREE\" onclick=\"calc()\" \/> <span class=\"wpcf7-list-item-label\">Blip | inclusive multisensory project - b(l)alloon, Multisensory movement and sound workshop for people with visual or hearing disabilities and non-disabled people (11\/7, 10:00-14:00)\u2002FREE<\/span><br \/>\n<\/label>\n\t\t\t\t<\/p>\n\t\t\t<\/div>\n\t\t\t<div>\n\t\t\t\t<p><label for=\"vitoria\"><br \/>\n<input type=\"checkbox\" id=\"vitoria\" data-noofdays=\"1\" data-noofhours=\"1\" name=\"checkbox-masterclass[]\" value=\"Vitoria Kotsalou - Sensing and singling | Workshop on the perception of movement: listening to difference (11\/7, 17:00-19:00)\" onclick=\"calc()\" \/> <span class=\"wpcf7-list-item-label\">Vitoria Kotsalou - Sensing and singling | Workshop on the perception of movement: listening to difference (11\/7, 17:00-19:00)<\/span><br \/>\n<\/label>\n\t\t\t\t<\/p>\n\t\t\t<\/div>\n\t\t\t<div>\n\t\t\t\t<p><label for=\"envano\"><br \/>\n<input type=\"checkbox\" id=\"envano\" data-noofdays=\"1\" data-noofhours=\"3\" name=\"checkbox-masterclass[]\" value=\"Manuel Ca\u00f1adas, Arturo Parrilla & Esmeralda Valderrama - Contemporary dance creation masterclass  (13\/7, 10:00-13:00)\" onclick=\"calc()\" \/> <span class=\"wpcf7-list-item-label\">Manuel Ca\u00f1adas, Arturo Parrilla & Esmeralda Valderrama - Contemporary dance creation masterclass (13\/7, 10:00-13:00)<\/span><br \/>\n<\/label>\n\t\t\t\t<\/p>\n\t\t\t<\/div>\n\t\t\t<div>\n\t\t\t\t<p><label for=\"lemming\"><br \/>\n<input type=\"checkbox\" id=\"lemming\" data-noofdays=\"1\" data-noofhours=\"3\" name=\"checkbox-masterclass[]\" value=\"Diana Ferrantini-Teatro del Lemming ETS - The five senses of the actor, Sensorial theatre workshop (16\/7, 10:00-13:00)\" onclick=\"calc()\" \/> <span class=\"wpcf7-list-item-label\">Diana Ferrantini-Teatro del Lemming ETS - The five senses of the actor, Sensorial theatre workshop (16\/7, 10:00-13:00)<\/span><br \/>\n<\/label>\n\t\t\t\t<\/p>\n\t\t\t<\/div>\n\t\t\t<div>\n\t\t\t\t<p><label for=\"charlie\"><br \/>\n<input type=\"checkbox\" id=\"charlie\" data-noofdays=\"1\" data-noofhours=\"3\" name=\"checkbox-masterclass[]\" value=\"Adrienn H\u00f3d & K\u00e1roly T\u00f3th - Inclusive Vibe - Inclusive dance masterclass  (19\/7, 11:00-14:00)\" onclick=\"calc()\" \/> <span class=\"wpcf7-list-item-label\">Adrienn H\u00f3d & K\u00e1roly T\u00f3th - Inclusive Vibe - Inclusive dance masterclass (19\/7, 11:00-14:00)<\/span><br \/>\n<\/label>\n\t\t\t\t<\/p>\n\t\t\t<\/div>\n\t\t<\/div>\n\t<\/fieldset>\n<\/div>\n\n<!-- --------------------------------------------------------->\n<div class=\"vc_empty_space\" style=\"height: 15px\">\n\t<p><span class=\"vc_empty_space_inner\"><\/span>\n\t<\/p>\n<\/div>\n<hr \/>\n<div id=\"discount-div\" style=\"display:block\" ;>\n\t<fieldset>\n\t\t<legend><br \/>\n<strong>BENEFICIARIES OF DISCOUNT<\/strong>\n\t\t<\/legend>\n\t\t<div>\n\t\t\t<div>\n\t\t\t\t<p><label for=\"student-discount\"><br \/>\n<input type=\"checkbox\" id=\"student-discount\" name=\"checkbox-discount[]\" value=\"I am a dance\/theatre professional school student or unemployed\" onclick=\"calc();\" \/><span class=\"wpcf7-list-item-label\">I am a dance\/theatre professional school student or unemployed<\/span><br \/>\n<\/label>\n\t\t\t\t<\/p>\n\t\t\t<\/div>\n\t\t<\/div>\n\t\t<div class=\"vc_empty_space\" style=\"height: 15px\">\n\t\t\t<p><span class=\"vc_empty_space_inner\"><\/span>\n\t\t\t<\/p>\n\t\t<\/div>\n\t\t<p><span style=\"color:red;\">* 10% discount for students of professional dance and theatre schools, as well as for unemployed (with the demonstration of the corresponding card). Not valid for the Early Bird discount.<\/span><br \/>\n<span style=\"color:red;\">** Kindly be informed that for the Festival archives and also for promotion purposes, during the workshops, photo shooting and video recordings take place.<\/span>\n\t\t<\/p>\n\t<\/fieldset>\n<\/div>\n<div class=\"vc_empty_space\" style=\"height: 15px\">\n\t<p><span class=\"vc_empty_space_inner\"><\/span>\n\t<\/p>\n<\/div>\n<div class=\"grve-one-half grve-last-column\">\n\t<p><strong>TOTAL COST: &nbsp;&nbsp;<span id=\"total-cost\" style=\"color:green\">0<\/span> \u20ac<\/strong>&nbsp;&nbsp;<span id=\"total-cost-without-early-bird-discount\" style=\"color:red;text-decoration:line-through\">0<\/span> \u20ac<input type=\"hidden\" name=\"final-price\" id=\"price\" \/>\n\t<\/p>\n<\/div>\n<div class=\"vc_empty_space\" style=\"height: 5px\">\n\t<p><span class=\"vc_empty_space_inner\"><\/span>\n\t<\/p>\n<\/div>\n<div class=\"grve-one\">\n\t<p><span style=\"color:#858585; font-size: 12px; margin-top: 5px;\">Hours of Workshops selected: <span data-total-workshop-hours><\/span><\/span>\n\t<\/p>\n<\/div>\n<div class=\"grve-one\">\n\t<p><span style=\"color:#858585; font-size: 12px; margin-top: 5px;\">Number of 1-day Workshops & Masterclasses selected: <span data-total-masterclasses><\/span><\/span>\n\t<\/p>\n<\/div>\n<div class=\"vc_empty_space\" style=\"height: 15px\">\n\t<p><span class=\"vc_empty_space_inner\"><\/span>\n\t<\/p>\n<\/div>\n\n<!-- <em style=\"font-size:13px\">(Early Bird)<\/em> -->\n\n<!-- \u039a\u039f\u03a5\u039c\u03a0\u0399 \u0391\u0399\u03a4\u0397\u03a3\u0397\u03a3 -->\n<div class=\"grve-one grve-align-center\">\n\t<p><input class=\"wpcf7-form-control wpcf7-submit has-spinner\" type=\"submit\" value=\"SUBMIT APPLICATION\" \/>\n\t<\/p>\n<\/div>\n\n\n\n<!-- \u039a\u039f\u03a5\u039c\u03a0\u0399 \u039c\u03a0\u039b\u039f\u039a\u0391\u03a1\u0399\u03a3\u039c\u0391\u03a4\u039f\u03a3 \u0391\u0399\u03a4\u0397\u03a3\u0397\u03a3 \n<div class=\"grve-one grve-align-center\"><input type=\"button\" value=\"OUT OF DATE\" class=\"wpcf7-form-control wpcf7-submit\" disabled><\/span><\/div>\n--><div class=\"wpcf7-response-output\" aria-hidden=\"true\"><\/div>\n<\/form>\n<\/div>\n[\/vc_column][\/vc_row]<\/p>\n<\/div>","protected":false},"excerpt":{"rendered":"<p>[vc_row][vc_column][\/vc_column][\/vc_row]<\/p>\n","protected":false},"author":1,"featured_media":0,"parent":0,"menu_order":0,"comment_status":"closed","ping_status":"closed","template":"","meta":{"footnotes":""},"class_list":["post-13448","page","type-page","status-publish","hentry"],"yoast_head":"<!-- This site is optimized with the Yoast SEO plugin v27.4 - https:\/\/yoast.com\/product\/yoast-seo-wordpress\/ -->\n<title>Workshop application - Akropoditi Dancefest<\/title>\n<meta name=\"robots\" content=\"index, follow, max-snippet:-1, max-image-preview:large, max-video-preview:-1\" \/>\n<link rel=\"canonical\" href=\"https:\/\/akropoditi.com\/dancefest\/en\/workshop-application-en\/\" \/>\n<meta property=\"og:locale\" content=\"en_US\" \/>\n<meta property=\"og:type\" content=\"article\" \/>\n<meta property=\"og:title\" content=\"Workshop application - Akropoditi Dancefest\" \/>\n<meta property=\"og:description\" content=\"[vc_row][vc_column][\/vc_column][\/vc_row]\" \/>\n<meta property=\"og:url\" content=\"https:\/\/akropoditi.com\/dancefest\/en\/workshop-application-en\/\" \/>\n<meta property=\"og:site_name\" content=\"Akropoditi Dancefest\" \/>\n<meta property=\"article:publisher\" content=\"https:\/\/www.facebook.com\/DanceFestAkropoditi\/\" \/>\n<meta property=\"article:modified_time\" content=\"2026-04-01T06:37:57+00:00\" \/>\n<meta name=\"twitter:card\" content=\"summary_large_image\" \/>\n<meta name=\"twitter:label1\" content=\"Est. reading time\" \/>\n\t<meta name=\"twitter:data1\" content=\"1 minute\" \/>\n<script type=\"application\/ld+json\" class=\"yoast-schema-graph\">{\"@context\":\"https:\\\/\\\/schema.org\",\"@graph\":[{\"@type\":\"WebPage\",\"@id\":\"https:\\\/\\\/akropoditi.com\\\/dancefest\\\/en\\\/workshop-application-en\\\/\",\"url\":\"https:\\\/\\\/akropoditi.com\\\/dancefest\\\/en\\\/workshop-application-en\\\/\",\"name\":\"Workshop application - Akropoditi Dancefest\",\"isPartOf\":{\"@id\":\"https:\\\/\\\/akropoditi.com\\\/dancefest\\\/#website\"},\"datePublished\":\"2019-01-23T11:47:51+00:00\",\"dateModified\":\"2026-04-01T06:37:57+00:00\",\"breadcrumb\":{\"@id\":\"https:\\\/\\\/akropoditi.com\\\/dancefest\\\/en\\\/workshop-application-en\\\/#breadcrumb\"},\"inLanguage\":\"en-US\",\"potentialAction\":[{\"@type\":\"ReadAction\",\"target\":[\"https:\\\/\\\/akropoditi.com\\\/dancefest\\\/en\\\/workshop-application-en\\\/\"]}]},{\"@type\":\"BreadcrumbList\",\"@id\":\"https:\\\/\\\/akropoditi.com\\\/dancefest\\\/en\\\/workshop-application-en\\\/#breadcrumb\",\"itemListElement\":[{\"@type\":\"ListItem\",\"position\":1,\"name\":\"Home\",\"item\":\"https:\\\/\\\/akropoditi.com\\\/dancefest\\\/el\\\/\"},{\"@type\":\"ListItem\",\"position\":2,\"name\":\"Workshop application\"}]},{\"@type\":\"WebSite\",\"@id\":\"https:\\\/\\\/akropoditi.com\\\/dancefest\\\/#website\",\"url\":\"https:\\\/\\\/akropoditi.com\\\/dancefest\\\/\",\"name\":\"Akropoditi Dancefest\",\"description\":\"13th International Dance &amp; Performing Arts Festival\",\"publisher\":{\"@id\":\"https:\\\/\\\/akropoditi.com\\\/dancefest\\\/#organization\"},\"potentialAction\":[{\"@type\":\"SearchAction\",\"target\":{\"@type\":\"EntryPoint\",\"urlTemplate\":\"https:\\\/\\\/akropoditi.com\\\/dancefest\\\/?s={search_term_string}\"},\"query-input\":{\"@type\":\"PropertyValueSpecification\",\"valueRequired\":true,\"valueName\":\"search_term_string\"}}],\"inLanguage\":\"en-US\"},{\"@type\":\"Organization\",\"@id\":\"https:\\\/\\\/akropoditi.com\\\/dancefest\\\/#organization\",\"name\":\"Akropoditi\",\"url\":\"https:\\\/\\\/akropoditi.com\\\/dancefest\\\/\",\"logo\":{\"@type\":\"ImageObject\",\"inLanguage\":\"en-US\",\"@id\":\"https:\\\/\\\/akropoditi.com\\\/dancefest\\\/#\\\/schema\\\/logo\\\/image\\\/\",\"url\":\"https:\\\/\\\/akropoditi.com\\\/dancefest\\\/wp-content\\\/uploads\\\/2019\\\/02\\\/logoDFcolorSM-1.png\",\"contentUrl\":\"https:\\\/\\\/akropoditi.com\\\/dancefest\\\/wp-content\\\/uploads\\\/2019\\\/02\\\/logoDFcolorSM-1.png\",\"width\":130,\"height\":130,\"caption\":\"Akropoditi\"},\"image\":{\"@id\":\"https:\\\/\\\/akropoditi.com\\\/dancefest\\\/#\\\/schema\\\/logo\\\/image\\\/\"},\"sameAs\":[\"https:\\\/\\\/www.facebook.com\\\/DanceFestAkropoditi\\\/\"]}]}<\/script>\n<!-- \/ Yoast SEO plugin. -->","yoast_head_json":{"title":"Workshop application - Akropoditi Dancefest","robots":{"index":"index","follow":"follow","max-snippet":"max-snippet:-1","max-image-preview":"max-image-preview:large","max-video-preview":"max-video-preview:-1"},"canonical":"https:\/\/akropoditi.com\/dancefest\/en\/workshop-application-en\/","og_locale":"en_US","og_type":"article","og_title":"Workshop application - Akropoditi Dancefest","og_description":"[vc_row][vc_column][\/vc_column][\/vc_row]","og_url":"https:\/\/akropoditi.com\/dancefest\/en\/workshop-application-en\/","og_site_name":"Akropoditi Dancefest","article_publisher":"https:\/\/www.facebook.com\/DanceFestAkropoditi\/","article_modified_time":"2026-04-01T06:37:57+00:00","twitter_card":"summary_large_image","twitter_misc":{"Est. reading time":"1 minute"},"schema":{"@context":"https:\/\/schema.org","@graph":[{"@type":"WebPage","@id":"https:\/\/akropoditi.com\/dancefest\/en\/workshop-application-en\/","url":"https:\/\/akropoditi.com\/dancefest\/en\/workshop-application-en\/","name":"Workshop application - Akropoditi Dancefest","isPartOf":{"@id":"https:\/\/akropoditi.com\/dancefest\/#website"},"datePublished":"2019-01-23T11:47:51+00:00","dateModified":"2026-04-01T06:37:57+00:00","breadcrumb":{"@id":"https:\/\/akropoditi.com\/dancefest\/en\/workshop-application-en\/#breadcrumb"},"inLanguage":"en-US","potentialAction":[{"@type":"ReadAction","target":["https:\/\/akropoditi.com\/dancefest\/en\/workshop-application-en\/"]}]},{"@type":"BreadcrumbList","@id":"https:\/\/akropoditi.com\/dancefest\/en\/workshop-application-en\/#breadcrumb","itemListElement":[{"@type":"ListItem","position":1,"name":"Home","item":"https:\/\/akropoditi.com\/dancefest\/el\/"},{"@type":"ListItem","position":2,"name":"Workshop application"}]},{"@type":"WebSite","@id":"https:\/\/akropoditi.com\/dancefest\/#website","url":"https:\/\/akropoditi.com\/dancefest\/","name":"Akropoditi Dancefest","description":"13th International Dance &amp; Performing Arts Festival","publisher":{"@id":"https:\/\/akropoditi.com\/dancefest\/#organization"},"potentialAction":[{"@type":"SearchAction","target":{"@type":"EntryPoint","urlTemplate":"https:\/\/akropoditi.com\/dancefest\/?s={search_term_string}"},"query-input":{"@type":"PropertyValueSpecification","valueRequired":true,"valueName":"search_term_string"}}],"inLanguage":"en-US"},{"@type":"Organization","@id":"https:\/\/akropoditi.com\/dancefest\/#organization","name":"Akropoditi","url":"https:\/\/akropoditi.com\/dancefest\/","logo":{"@type":"ImageObject","inLanguage":"en-US","@id":"https:\/\/akropoditi.com\/dancefest\/#\/schema\/logo\/image\/","url":"https:\/\/akropoditi.com\/dancefest\/wp-content\/uploads\/2019\/02\/logoDFcolorSM-1.png","contentUrl":"https:\/\/akropoditi.com\/dancefest\/wp-content\/uploads\/2019\/02\/logoDFcolorSM-1.png","width":130,"height":130,"caption":"Akropoditi"},"image":{"@id":"https:\/\/akropoditi.com\/dancefest\/#\/schema\/logo\/image\/"},"sameAs":["https:\/\/www.facebook.com\/DanceFestAkropoditi\/"]}]}},"_links":{"self":[{"href":"https:\/\/akropoditi.com\/dancefest\/wp-json\/wp\/v2\/pages\/13448","targetHints":{"allow":["GET"]}}],"collection":[{"href":"https:\/\/akropoditi.com\/dancefest\/wp-json\/wp\/v2\/pages"}],"about":[{"href":"https:\/\/akropoditi.com\/dancefest\/wp-json\/wp\/v2\/types\/page"}],"author":[{"embeddable":true,"href":"https:\/\/akropoditi.com\/dancefest\/wp-json\/wp\/v2\/users\/1"}],"replies":[{"embeddable":true,"href":"https:\/\/akropoditi.com\/dancefest\/wp-json\/wp\/v2\/comments?post=13448"}],"version-history":[{"count":2,"href":"https:\/\/akropoditi.com\/dancefest\/wp-json\/wp\/v2\/pages\/13448\/revisions"}],"predecessor-version":[{"id":20748,"href":"https:\/\/akropoditi.com\/dancefest\/wp-json\/wp\/v2\/pages\/13448\/revisions\/20748"}],"wp:attachment":[{"href":"https:\/\/akropoditi.com\/dancefest\/wp-json\/wp\/v2\/media?parent=13448"}],"curies":[{"name":"wp","href":"https:\/\/api.w.org\/{rel}","templated":true}]}}